{"id":205618,"date":"2014-12-09T18:11:54","date_gmt":"2014-12-09T17:11:54","guid":{"rendered":"https:\/\/www.lizards.ch\/cheminee-a-ethanol-ou-bioethanol-et-ses-avantages\/"},"modified":"2018-08-03T12:03:19","modified_gmt":"2018-08-03T10:03:19","slug":"ethanol-or-bioethanol-fireplace-and-its-advantages","status":"publish","type":"page","link":"https:\/\/www.lizards.ch\/en\/ethanol\/ethanol-or-bioethanol-fireplace-and-its-advantages\/","title":{"rendered":"Ethanol or Bioethanol fireplace and its advantages"},"content":{"rendered":"<p>[et_pb_section bb_built=&#8221;1&#8243;][et_pb_row][et_pb_column type=&#8221;4_4&#8243;][et_pb_text _builder_version=&#8221;3.3.1&#8243;]<\/p>\n<div class=\"breadcrumb\" itemprop=\"breadcrumb\"><span><span><a href=\"https:\/\/www.lizards.ch\/en\/\">Accueil<\/a><\/span><\/span><\/div>\n<h2 id=\"tw-target-text\" class=\"tw-data-text tw-ta tw-text-medium\" dir=\"ltr\" data-placeholder=\"Traduction\"><span lang=\"en\">Ethanol or Bioethanol fireplace and its advantages<\/span><\/h2>\n<p>[\/et_pb_text][et_pb_text _builder_version=&#8221;3.11&#8243;]<\/p>\n<p>The Ethanol Fireplace, also called Bioethanol, offers all the pleasure of a fireplace without its drawbacks: no wood to carry, no smoke, no soot, no blackening and no smell.<br \/>\nInstallation: In Switzerland, Bioethanol Chimneys with an energy value of less than 2kW do not require a chimney flue and can be easily installed. Chimneys with an energy value greater than 2 kW will still require a simple steam exhaust. In all other countries all our chimneys can be installed without exhaust ducts.<br \/>\nDesign and use: Our Etahnol fireplaces have a trendy, modern and clean design. Our chimneys are mostly equipped with an electronic system with the latest technology. They are equipped with a remote control and are easy to use.<br \/>\nConvenient as an auxiliary heater: Although the Ethanol Chimney cannot replace a conventional heating system year-round, it can delay central heating in mid-season and provide interesting additional heat for the coldest days of the year. Depending on the model, the heating capacity varies between 3 Kw\/h and 8 Kw\/h, sufficient to heat an insulated room.<\/p>\n<p>&nbsp;<\/p>\n<p>[\/et_pb_text][\/et_pb_column][\/et_pb_row][\/et_pb_section]<\/p>\n","protected":false},"excerpt":{"rendered":"<p><div class=\"et_pb_row et_pb_row_0 et_pb_row_empty\">\n\t\t\t\t\n\t\t\t\t\n\t\t\t\t\n\t\t\t\t\n\t\t\t\t\n\t\t\t<\/div> <div class=\"breadcrumb\" itemprop=\"breadcrumb\"><span><span><a href=\"https:\/\/www.lizards.ch\/en\/\">Accueil<\/a><\/span><\/span><\/div> Ethanol or Bioethanol fireplace and its advantages The Ethanol Fireplace, also called Bioethanol, offers all the pleasure of a fireplace without its drawbacks: no wood to carry, no smoke, no soot, no blackening and no smell. Installation: In Switzerland, Bioethanol Chimneys with an energy value of less than 2kW do not require a [&hellip;]<\/p>\n","protected":false},"author":1,"featured_media":0,"parent":205620,"menu_order":5,"comment_status":"closed","ping_status":"closed","template":"","meta":{"_et_pb_use_builder":"on","_et_pb_old_content":"<p>La Chemin\u00e9e \u00e0 l'Ethanol, aussi appel\u00e9 Bio\u00e9thanol, propose tout le plaisir d'un feu de chemin\u00e9e sans ses inconv\u00e9nients : la Chemin\u00e9e au Bio\u00e9thanol s'installe partout puisqu'elle n'a pas besoin de conduit d'\u00e9vacuation.<\/p><p><strong>Simple \u00e0 installer : <\/strong>une Chemin\u00e9e au Bio\u00e9thanol n'a pas besoin de conduit de chemin\u00e9e pour fonctionner, ce syst\u00e8me n\u00e9cessite peu de travaux et permet surtout d'implanter la chemin\u00e9e n'importe o\u00f9. Vous n'avez plus \u00e0 tenir compte des probl\u00e8mes de tirage ou d'\u00e9vacuation.<\/p><p><strong>Design et utilisation: <\/strong>Nos chemin\u00e9es \u00e0 l'Etahnol ont un\u00a0design tendance, modern et \u00e9pur\u00e9. Nos chemin\u00e9e sont pour la plus part muni d'un syst\u00e8me\u00a0\u00e9lectronique avec une technologie de pointe. Elles sont fourni d'une t\u00e9l\u00e9commande et sont facile d'utilisation.<\/p><p>Il suffit de remplir le r\u00e9servoir d'\u00e9thanol et d'allumer. Comme la combustion ne fabrique pas de suie et qu'il n'y a pas de conduit de chemin\u00e9e, il n'y a pas de ramonage \u00e0 pr\u00e9voir. La Chemin\u00e9e \u00e0 l'Ethanol ne salit pas.<\/p><p><strong>Pratique comme chauffage d'appoint : <\/strong>Si la Chemin\u00e9e \u00e0 Ethanol ne peut remplacer \u00e0 l'ann\u00e9e un syst\u00e8me de chauffage classique, elle\u00a0permet toutefois de retarder l'allumage du chauffage central en mi-saison et apporter un compl\u00e9ment de chaleur int\u00e9ressant pour les jours les plus froids de l'ann\u00e9e. Selon les mod\u00e8les, le pouvoir de chauffe varie entre 3 Kw\/h et 8 Kw\/h, suffisant pour chauffer une pi\u00e8ce isol\u00e9e.<\/p>","_et_gb_content_width":"","footnotes":""},"wf_page_folders":[],"class_list":["post-205618","page","type-page","status-publish","hentry"],"yoast_head":"<!-- This site is optimized with the Yoast SEO plugin v27.2 - https:\/\/yoast.com\/product\/yoast-seo-wordpress\/ -->\n<title>Chemin\u00e9e \u00e0 Ethanol ou Bio\u00e9thanol et ses avantages<\/title>\n<meta name=\"description\" content=\"Chemin\u00e9e \u00e0 Ethanol ou Bio\u00e9thanol et ses avantages\" \/>\n<meta name=\"robots\" content=\"noindex, follow\" \/>\n<meta property=\"og:locale\" content=\"en_US\" \/>\n<meta property=\"og:type\" content=\"article\" \/>\n<meta property=\"og:title\" content=\"Chemin\u00e9e \u00e0 Ethanol ou Bio\u00e9thanol et ses avantages\" \/>\n<meta property=\"og:description\" content=\"Chemin\u00e9e \u00e0 Ethanol ou Bio\u00e9thanol et ses avantages\" \/>\n<meta property=\"og:url\" content=\"https:\/\/www.lizards.ch\/en\/ethanol\/ethanol-or-bioethanol-fireplace-and-its-advantages\/\" \/>\n<meta property=\"og:site_name\" content=\"Lizards\" \/>\n<meta property=\"article:modified_time\" content=\"2018-08-03T10:03:19+00:00\" \/>\n<meta name=\"twitter:card\" content=\"summary_large_image\" \/>\n<meta name=\"twitter:label1\" content=\"Est. reading time\" \/>\n\t<meta name=\"twitter:data1\" content=\"1 minute\" \/>\n<script type=\"application\/ld+json\" class=\"yoast-schema-graph\">{\"@context\":\"https:\/\/schema.org\",\"@graph\":[{\"@type\":\"WebPage\",\"@id\":\"https:\/\/www.lizards.ch\/en\/ethanol\/ethanol-or-bioethanol-fireplace-and-its-advantages\/\",\"url\":\"https:\/\/www.lizards.ch\/en\/ethanol\/ethanol-or-bioethanol-fireplace-and-its-advantages\/\",\"name\":\"Chemin\u00e9e \u00e0 Ethanol ou Bio\u00e9thanol et ses avantages\",\"isPartOf\":{\"@id\":\"https:\/\/www.lizards.ch\/en\/#website\"},\"datePublished\":\"2014-12-09T17:11:54+00:00\",\"dateModified\":\"2018-08-03T10:03:19+00:00\",\"description\":\"Chemin\u00e9e \u00e0 Ethanol ou Bio\u00e9thanol et ses avantages\",\"breadcrumb\":{\"@id\":\"https:\/\/www.lizards.ch\/en\/ethanol\/ethanol-or-bioethanol-fireplace-and-its-advantages\/#breadcrumb\"},\"inLanguage\":\"en-US\",\"potentialAction\":[{\"@type\":\"ReadAction\",\"target\":[\"https:\/\/www.lizards.ch\/en\/ethanol\/ethanol-or-bioethanol-fireplace-and-its-advantages\/\"]}]},{\"@type\":\"BreadcrumbList\",\"@id\":\"https:\/\/www.lizards.ch\/en\/ethanol\/ethanol-or-bioethanol-fireplace-and-its-advantages\/#breadcrumb\",\"itemListElement\":[{\"@type\":\"ListItem\",\"position\":1,\"name\":\"Accueil\",\"item\":\"https:\/\/www.lizards.ch\/en\/\"},{\"@type\":\"ListItem\",\"position\":2,\"name\":\"Ethanol\",\"item\":\"https:\/\/www.lizards.ch\/en\/ethanol\/\"},{\"@type\":\"ListItem\",\"position\":3,\"name\":\"Ethanol or Bioethanol fireplace and its advantages\"}]},{\"@type\":\"WebSite\",\"@id\":\"https:\/\/www.lizards.ch\/en\/#website\",\"url\":\"https:\/\/www.lizards.ch\/en\/\",\"name\":\"Lizards\",\"description\":\"Chemin\u00e9e bio ethanol\",\"potentialAction\":[{\"@type\":\"SearchAction\",\"target\":{\"@type\":\"EntryPoint\",\"urlTemplate\":\"https:\/\/www.lizards.ch\/en\/?s={search_term_string}\"},\"query-input\":{\"@type\":\"PropertyValueSpecification\",\"valueRequired\":true,\"valueName\":\"search_term_string\"}}],\"inLanguage\":\"en-US\"}]}<\/script>\n<!-- \/ Yoast SEO plugin. -->","yoast_head_json":{"title":"Chemin\u00e9e \u00e0 Ethanol ou Bio\u00e9thanol et ses avantages","description":"Chemin\u00e9e \u00e0 Ethanol ou Bio\u00e9thanol et ses avantages","robots":{"index":"noindex","follow":"follow"},"og_locale":"en_US","og_type":"article","og_title":"Chemin\u00e9e \u00e0 Ethanol ou Bio\u00e9thanol et ses avantages","og_description":"Chemin\u00e9e \u00e0 Ethanol ou Bio\u00e9thanol et ses avantages","og_url":"https:\/\/www.lizards.ch\/en\/ethanol\/ethanol-or-bioethanol-fireplace-and-its-advantages\/","og_site_name":"Lizards","article_modified_time":"2018-08-03T10:03:19+00:00","twitter_card":"summary_large_image","twitter_misc":{"Est. reading time":"1 minute"},"schema":{"@context":"https:\/\/schema.org","@graph":[{"@type":"WebPage","@id":"https:\/\/www.lizards.ch\/en\/ethanol\/ethanol-or-bioethanol-fireplace-and-its-advantages\/","url":"https:\/\/www.lizards.ch\/en\/ethanol\/ethanol-or-bioethanol-fireplace-and-its-advantages\/","name":"Chemin\u00e9e \u00e0 Ethanol ou Bio\u00e9thanol et ses avantages","isPartOf":{"@id":"https:\/\/www.lizards.ch\/en\/#website"},"datePublished":"2014-12-09T17:11:54+00:00","dateModified":"2018-08-03T10:03:19+00:00","description":"Chemin\u00e9e \u00e0 Ethanol ou Bio\u00e9thanol et ses avantages","breadcrumb":{"@id":"https:\/\/www.lizards.ch\/en\/ethanol\/ethanol-or-bioethanol-fireplace-and-its-advantages\/#breadcrumb"},"inLanguage":"en-US","potentialAction":[{"@type":"ReadAction","target":["https:\/\/www.lizards.ch\/en\/ethanol\/ethanol-or-bioethanol-fireplace-and-its-advantages\/"]}]},{"@type":"BreadcrumbList","@id":"https:\/\/www.lizards.ch\/en\/ethanol\/ethanol-or-bioethanol-fireplace-and-its-advantages\/#breadcrumb","itemListElement":[{"@type":"ListItem","position":1,"name":"Accueil","item":"https:\/\/www.lizards.ch\/en\/"},{"@type":"ListItem","position":2,"name":"Ethanol","item":"https:\/\/www.lizards.ch\/en\/ethanol\/"},{"@type":"ListItem","position":3,"name":"Ethanol or Bioethanol fireplace and its advantages"}]},{"@type":"WebSite","@id":"https:\/\/www.lizards.ch\/en\/#website","url":"https:\/\/www.lizards.ch\/en\/","name":"Lizards","description":"Chemin\u00e9e bio ethanol","potentialAction":[{"@type":"SearchAction","target":{"@type":"EntryPoint","urlTemplate":"https:\/\/www.lizards.ch\/en\/?s={search_term_string}"},"query-input":{"@type":"PropertyValueSpecification","valueRequired":true,"valueName":"search_term_string"}}],"inLanguage":"en-US"}]}},"_links":{"self":[{"href":"https:\/\/www.lizards.ch\/en\/wp-json\/wp\/v2\/pages\/205618","targetHints":{"allow":["GET"]}}],"collection":[{"href":"https:\/\/www.lizards.ch\/en\/wp-json\/wp\/v2\/pages"}],"about":[{"href":"https:\/\/www.lizards.ch\/en\/wp-json\/wp\/v2\/types\/page"}],"author":[{"embeddable":true,"href":"https:\/\/www.lizards.ch\/en\/wp-json\/wp\/v2\/users\/1"}],"replies":[{"embeddable":true,"href":"https:\/\/www.lizards.ch\/en\/wp-json\/wp\/v2\/comments?post=205618"}],"version-history":[{"count":0,"href":"https:\/\/www.lizards.ch\/en\/wp-json\/wp\/v2\/pages\/205618\/revisions"}],"up":[{"embeddable":true,"href":"https:\/\/www.lizards.ch\/en\/wp-json\/wp\/v2\/pages\/205620"}],"wp:attachment":[{"href":"https:\/\/www.lizards.ch\/en\/wp-json\/wp\/v2\/media?parent=205618"}],"wp:term":[{"taxonomy":"wf_page_folders","embeddable":true,"href":"https:\/\/www.lizards.ch\/en\/wp-json\/wp\/v2\/wf_page_folders?post=205618"}],"curies":[{"name":"wp","href":"https:\/\/api.w.org\/{rel}","templated":true}]}}