{"id":205615,"date":"2014-12-09T18:11:54","date_gmt":"2014-12-09T17:11:54","guid":{"rendered":"https:\/\/www.lizards.ch\/conditions-et-securite\/"},"modified":"2018-08-03T13:38:20","modified_gmt":"2018-08-03T11:38:20","slug":"conditions-and-security","status":"publish","type":"page","link":"https:\/\/www.lizards.ch\/en\/ethanol\/conditions-and-security\/","title":{"rendered":"Conditions and Security"},"content":{"rendered":"<p>[et_pb_section bb_built=&#8221;1&#8243;][et_pb_row][et_pb_column type=&#8221;4_4&#8243;][et_pb_text _builder_version=&#8221;3.3.1&#8243;]<\/p>\n<div class=\"breadcrumb\" itemprop=\"breadcrumb\"><span><span><a href=\"https:\/\/www.lizards.ch\/en\/\">Accueil<\/a><\/span><\/span><\/div>\n<h1>Conditions and Security<\/h1>\n<p>[\/et_pb_text][et_pb_text _builder_version=&#8221;3.11&#8243;]<\/p>\n<p><strong>Condition<\/strong><\/p>\n<p>The purchaser undertakes to have read and accepted the safety conditions and instructions, and thus takes full responsibility for the handling and operation of the LIZARDS chimneys as well as the Bio Ethanol that he owns and handles.<br \/>\nLIZARDS chimneys work exclusively with a flammable liquid, Bio Ethanol. Its use requires a number of precautions. If you follow these instructions completely, you can use your burner safely.<\/p>\n<p><strong>Security<\/strong><br \/>\n&#8211; Failure to follow these rules can result in serious burns and fire hazards.<br \/>\n&#8211; Be sure to follow the instructions for use of your Chimney and place it on a horizontal and stable surface.<br \/>\n&#8211; Only use &#8220;heating&#8221; Bio Ethanol in the fireplace of the appliance, it benefits from a specific distillation process and does not emit any odours. Do not use petroleum products for other uses: gasoline, diesel, white spirit, methylated spirits, etc.<br \/>\n&#8211; When lighting the fireplace, keep children and pets away.<br \/>\n&#8211; The ignition, explained in the instructions for use, must only be done with a lighter or match.<br \/>\n&#8211; No products should be added if the fireplace is partially started or in operation.<br \/>\n&#8211; Wait for the fireplace to cool before adding Bio Ethanol and re-lighting the flame (at least 10 minutes).<br \/>\n&#8211; After a combustion, if Bio Ethanol remains in the tank, make sure to wait 10 minutes by opening the hatch (to let air) before relighting, this because of the remaining vapors around the fireplace.<br \/>\n&#8211; Do not handle the burner when it is lit, except to actuate the closing zipper. Do not blow on the flame in order to extinguish it.<br \/>\n&#8211; Provide fire extinguishing devices near the chimney (fire extinguisher).<br \/>\n&#8211; In case of burns, call the nearest hospital. Do not apply any grease to the burn. If it is superficial and not extensive, cool only with fresh water for several minutes. Consult a physician if in doubt about the severity of a burn.<br \/>\n&#8211; Never discharge fuel into water pipes or into the wild. Respect the environment!<br \/>\n&#8211; Do not use in a room of less than 10 m2 without an outside opening and ventilation. Use your fireplace only in well ventilated areas.<br \/>\n&#8211; Do not use the Chimney and its burner to cook food, heat water, grill meat, etc.<br \/>\n&#8211; Do not use the Fireplace and its burner near flammable products: curtains, fabrics, furniture, etc&#8230;.<br \/>\n&#8211; Do not use the Chimney and its burner if it is in the flammable gas room.<\/p>\n<p>[\/et_pb_text][\/et_pb_column][\/et_pb_row][\/et_pb_section]<\/p>\n","protected":false},"excerpt":{"rendered":"<p><div class=\"et_pb_row et_pb_row_0 et_pb_row_empty\">\n\t\t\t\t\n\t\t\t\t\n\t\t\t\t\n\t\t\t\t\n\t\t\t\t\n\t\t\t<\/div> <div class=\"breadcrumb\" itemprop=\"breadcrumb\"><span><span><a href=\"https:\/\/www.lizards.ch\/en\/\">Accueil<\/a><\/span><\/span><\/div> Conditions and Security Condition The purchaser undertakes to have read and accepted the safety conditions and instructions, and thus takes full responsibility for the handling and operation of the LIZARDS chimneys as well as the Bio Ethanol that he owns and handles. LIZARDS chimneys work exclusively with a flammable liquid, Bio Ethanol. Its [&hellip;]<\/p>\n","protected":false},"author":1,"featured_media":0,"parent":205620,"menu_order":4,"comment_status":"closed","ping_status":"closed","template":"","meta":{"_et_pb_use_builder":"on","_et_pb_old_content":"<p><strong>Condition<\/strong><\/p><p>L\u2019achateur s\u2019engage \u00e0 avoir lu et accepte les conditions et consignes de s\u00e9curit\u00e9, et prend ainsi l\u2019enti\u00e8re responsabilit\u00e9 de la manipulation et du fonctionnement des chemin\u00e9es LIZARDS ainsi que du Bio Ethanol qu\u2019il poss\u00e8de et manipule.<\/p><p>Les chemin\u00e9es LIZARDS fonctionnent exclusivement avec un liquide inflammable, le Bio Ethanol. Son utilisation requiert un certain nombre de pr\u00e9cautions \u00e0 respecter. Dans le cas d\u2019un respect total de ces consignes, vous pourrez utiliser votre br\u00fbleur en toute s\u00e9curit\u00e9.<\/p><p><strong>S\u00e9curit\u00e9\u00a0<\/strong><\/p><p>\u2022 Le non respect des r\u00e8gles qui vont suivres peut entra\u00eener de graves br\u00fblures ainsi que des risques d\u2019incendie.<\/p><p>\u2022 Veillez \u00e0 bien suivre le mode d\u2019emploi de votre Chemin\u00e9e et de la poser sur une surface horizontale et stable.<\/p><p>\u2022 N\u2019utilisez dans le foyer de l\u2019appareil que du Bio Ethanol de \u00ab\u00a0chauffage\u00a0\u00bb, celui-ci b\u00e9n\u00e9ficie d\u2019une distillation sp\u00e9cifique, et ne d\u00e9gage pas d\u2019odeurs. Ne surtout pas utiliser de produits p\u00e9troliers destin\u00e9s \u00e0 d\u2019autres usages\u00a0: essence, gazole, white-spirit, alcool \u00e0 br\u00fbler, etc.<\/p><p>\u2022 Lors de l\u2019allumage de la chemin\u00e9e, \u00e9loignez enfants et animaux.<\/p><p>\u2022 L\u2019allumage, expliqu\u00e9 dans le mode d\u2019emploi, ne doit \u00eatre fait qu\u2019avec un briquet ou allumette.<\/p><p>\u2022 Aucun produit ne doit \u00eatre rajout\u00e9 si le foyer est partiellement d\u00e9marr\u00e9 ou en cours de fonctionnement.<\/p><p>\u2022 Attendre le refroidissement du foyer avant de rajouter du Bio Ethanol et de rallumer la flamme (au moins 10 minutes)<\/p><p>\u2022 Apr\u00e8s une combustion, s\u2019il reste du Bio Ethanol dans la cuve, veillez \u00e0 bien attendre 10 minutes en ouvrant la trappe (pour laisser a\u00e9rer) avant de rallumer, ceci \u00e0 cause des vapeurs restantes autour du foyer.<\/p><p>\u2022 Ne pas manipuler le br\u00fbleur lorsqu\u2019il est allum\u00e9, \u00e0 part pour actionner la tirette de fermeture. Ne pas souffler sur la flamme dans le but de l\u2019\u00e9teindre.<\/p><p>\u2022 Pr\u00e9voir des dispositifs d\u2019extinction des feux \u00e0 proximit\u00e9 de la chemin\u00e9e (extincteur).<\/p><p>\u2022 En cas de br\u00fblure faire appel au service hospitalier le plus proche. N\u2019appliquer aucun corps gras sur la br\u00fblure. Si elle est superficielle et non \u00e9tendue, ne proc\u00e9der qu\u2019\u00e0 un refroidissement au moyen d\u2019eau fra\u00eeche pendant plusieurs minutes. Consultez un m\u00e9decin au moindre doute sur la gravit\u00e9 d\u2019une br\u00fblure.<\/p><p>\u2022 Ne jamais \u00e9vacuer le carburant dans les conduits d\u2019eau ni dans la nature. Respectez l\u2019environnement\u00a0!<\/p><p>\u2022 Ne pas utiliser dans une pi\u00e8ce de moins de 10 m2 sans ouverture ext\u00e9rieures et sans a\u00e9ration. N\u2019utilisez votre chemin\u00e9e que dans des lieux suffisamment a\u00e9r\u00e9s.<\/p><p>\u2022 Ne pas utiliser la Chemin\u00e9e et son br\u00fbleur pour cuire des aliments, faire chauffer de l\u2019eau, griller de la viande, etc.<\/p><p>\u2022 Ne pas utiliser la Chemin\u00e9e et son br\u00fbleur \u00e0 proximit\u00e9 de produits inflammables\u00a0: rideaux, tissus, meubles, etc\u2026<\/p><p>\u2022 Ne pas utiliser la Chemin\u00e9e et son br\u00fbleur s\u2019il se trouve dans la pi\u00e8ces des gaz inflammables.<\/p>","_et_gb_content_width":"","footnotes":""},"wf_page_folders":[],"class_list":["post-205615","page","type-page","status-publish","hentry"],"yoast_head":"<!-- This site is optimized with the Yoast SEO plugin v27.2 - https:\/\/yoast.com\/product\/yoast-seo-wordpress\/ -->\n<title>Conditions et s\u00e9curit\u00e9<\/title>\n<meta name=\"robots\" content=\"noindex, follow\" \/>\n<meta property=\"og:locale\" content=\"en_US\" \/>\n<meta property=\"og:type\" content=\"article\" \/>\n<meta property=\"og:title\" content=\"Conditions et s\u00e9curit\u00e9\" \/>\n<meta property=\"og:description\" content=\"Conditions and Security Condition The purchaser undertakes to have read and accepted the safety conditions and instructions, and thus takes full responsibility for the handling and operation of the LIZARDS chimneys as well as the Bio Ethanol that he owns and handles. LIZARDS chimneys work exclusively with a flammable liquid, Bio Ethanol. Its [&hellip;]\" \/>\n<meta property=\"og:url\" content=\"https:\/\/www.lizards.ch\/en\/ethanol\/conditions-and-security\/\" \/>\n<meta property=\"og:site_name\" content=\"Lizards\" \/>\n<meta property=\"article:modified_time\" content=\"2018-08-03T11:38:20+00:00\" \/>\n<meta name=\"twitter:card\" content=\"summary_large_image\" \/>\n<meta name=\"twitter:label1\" content=\"Est. reading time\" \/>\n\t<meta name=\"twitter:data1\" content=\"2 minutes\" \/>\n<script type=\"application\/ld+json\" class=\"yoast-schema-graph\">{\"@context\":\"https:\/\/schema.org\",\"@graph\":[{\"@type\":\"WebPage\",\"@id\":\"https:\/\/www.lizards.ch\/en\/ethanol\/conditions-and-security\/\",\"url\":\"https:\/\/www.lizards.ch\/en\/ethanol\/conditions-and-security\/\",\"name\":\"Conditions et s\u00e9curit\u00e9\",\"isPartOf\":{\"@id\":\"https:\/\/www.lizards.ch\/en\/#website\"},\"datePublished\":\"2014-12-09T17:11:54+00:00\",\"dateModified\":\"2018-08-03T11:38:20+00:00\",\"breadcrumb\":{\"@id\":\"https:\/\/www.lizards.ch\/en\/ethanol\/conditions-and-security\/#breadcrumb\"},\"inLanguage\":\"en-US\",\"potentialAction\":[{\"@type\":\"ReadAction\",\"target\":[\"https:\/\/www.lizards.ch\/en\/ethanol\/conditions-and-security\/\"]}]},{\"@type\":\"BreadcrumbList\",\"@id\":\"https:\/\/www.lizards.ch\/en\/ethanol\/conditions-and-security\/#breadcrumb\",\"itemListElement\":[{\"@type\":\"ListItem\",\"position\":1,\"name\":\"Accueil\",\"item\":\"https:\/\/www.lizards.ch\/en\/\"},{\"@type\":\"ListItem\",\"position\":2,\"name\":\"Ethanol\",\"item\":\"https:\/\/www.lizards.ch\/en\/ethanol\/\"},{\"@type\":\"ListItem\",\"position\":3,\"name\":\"Conditions and Security\"}]},{\"@type\":\"WebSite\",\"@id\":\"https:\/\/www.lizards.ch\/en\/#website\",\"url\":\"https:\/\/www.lizards.ch\/en\/\",\"name\":\"Lizards\",\"description\":\"Chemin\u00e9e bio ethanol\",\"potentialAction\":[{\"@type\":\"SearchAction\",\"target\":{\"@type\":\"EntryPoint\",\"urlTemplate\":\"https:\/\/www.lizards.ch\/en\/?s={search_term_string}\"},\"query-input\":{\"@type\":\"PropertyValueSpecification\",\"valueRequired\":true,\"valueName\":\"search_term_string\"}}],\"inLanguage\":\"en-US\"}]}<\/script>\n<!-- \/ Yoast SEO plugin. -->","yoast_head_json":{"title":"Conditions et s\u00e9curit\u00e9","robots":{"index":"noindex","follow":"follow"},"og_locale":"en_US","og_type":"article","og_title":"Conditions et s\u00e9curit\u00e9","og_description":"Conditions and Security Condition The purchaser undertakes to have read and accepted the safety conditions and instructions, and thus takes full responsibility for the handling and operation of the LIZARDS chimneys as well as the Bio Ethanol that he owns and handles. LIZARDS chimneys work exclusively with a flammable liquid, Bio Ethanol. Its [&hellip;]","og_url":"https:\/\/www.lizards.ch\/en\/ethanol\/conditions-and-security\/","og_site_name":"Lizards","article_modified_time":"2018-08-03T11:38:20+00:00","twitter_card":"summary_large_image","twitter_misc":{"Est. reading time":"2 minutes"},"schema":{"@context":"https:\/\/schema.org","@graph":[{"@type":"WebPage","@id":"https:\/\/www.lizards.ch\/en\/ethanol\/conditions-and-security\/","url":"https:\/\/www.lizards.ch\/en\/ethanol\/conditions-and-security\/","name":"Conditions et s\u00e9curit\u00e9","isPartOf":{"@id":"https:\/\/www.lizards.ch\/en\/#website"},"datePublished":"2014-12-09T17:11:54+00:00","dateModified":"2018-08-03T11:38:20+00:00","breadcrumb":{"@id":"https:\/\/www.lizards.ch\/en\/ethanol\/conditions-and-security\/#breadcrumb"},"inLanguage":"en-US","potentialAction":[{"@type":"ReadAction","target":["https:\/\/www.lizards.ch\/en\/ethanol\/conditions-and-security\/"]}]},{"@type":"BreadcrumbList","@id":"https:\/\/www.lizards.ch\/en\/ethanol\/conditions-and-security\/#breadcrumb","itemListElement":[{"@type":"ListItem","position":1,"name":"Accueil","item":"https:\/\/www.lizards.ch\/en\/"},{"@type":"ListItem","position":2,"name":"Ethanol","item":"https:\/\/www.lizards.ch\/en\/ethanol\/"},{"@type":"ListItem","position":3,"name":"Conditions and Security"}]},{"@type":"WebSite","@id":"https:\/\/www.lizards.ch\/en\/#website","url":"https:\/\/www.lizards.ch\/en\/","name":"Lizards","description":"Chemin\u00e9e bio ethanol","potentialAction":[{"@type":"SearchAction","target":{"@type":"EntryPoint","urlTemplate":"https:\/\/www.lizards.ch\/en\/?s={search_term_string}"},"query-input":{"@type":"PropertyValueSpecification","valueRequired":true,"valueName":"search_term_string"}}],"inLanguage":"en-US"}]}},"_links":{"self":[{"href":"https:\/\/www.lizards.ch\/en\/wp-json\/wp\/v2\/pages\/205615","targetHints":{"allow":["GET"]}}],"collection":[{"href":"https:\/\/www.lizards.ch\/en\/wp-json\/wp\/v2\/pages"}],"about":[{"href":"https:\/\/www.lizards.ch\/en\/wp-json\/wp\/v2\/types\/page"}],"author":[{"embeddable":true,"href":"https:\/\/www.lizards.ch\/en\/wp-json\/wp\/v2\/users\/1"}],"replies":[{"embeddable":true,"href":"https:\/\/www.lizards.ch\/en\/wp-json\/wp\/v2\/comments?post=205615"}],"version-history":[{"count":0,"href":"https:\/\/www.lizards.ch\/en\/wp-json\/wp\/v2\/pages\/205615\/revisions"}],"up":[{"embeddable":true,"href":"https:\/\/www.lizards.ch\/en\/wp-json\/wp\/v2\/pages\/205620"}],"wp:attachment":[{"href":"https:\/\/www.lizards.ch\/en\/wp-json\/wp\/v2\/media?parent=205615"}],"wp:term":[{"taxonomy":"wf_page_folders","embeddable":true,"href":"https:\/\/www.lizards.ch\/en\/wp-json\/wp\/v2\/wf_page_folders?post=205615"}],"curies":[{"name":"wp","href":"https:\/\/api.w.org\/{rel}","templated":true}]}}