{"id":205598,"date":"2018-05-16T20:23:56","date_gmt":"2018-05-16T18:23:56","guid":{"rendered":"https:\/\/www.lizards.ch\/produits\/"},"modified":"2018-07-25T11:12:37","modified_gmt":"2018-07-25T09:12:37","slug":"products","status":"publish","type":"page","link":"https:\/\/www.lizards.ch\/en\/products\/","title":{"rendered":"Products"},"content":{"rendered":"<p>[et_pb_section bb_built=&#8221;1&#8243; fullwidth=&#8221;on&#8221; specialty=&#8221;off&#8221; next_background_color=&#8221;#000000&#8243;][et_pb_fullwidth_slider _builder_version=&#8221;3.2.2&#8243; show_arrows=&#8221;off&#8221; show_pagination=&#8221;off&#8221; disabled_on=&#8221;on|on|on&#8221; disabled=&#8221;on&#8221;][et_pb_slide _builder_version=&#8221;3.2.2&#8243; button_link=&#8221;#&#8221; background_color=&#8221;#7ebec5&#8243; use_background_color_gradient=&#8221;off&#8221; background_color_gradient_start=&#8221;#2b87da&#8221; background_color_gradient_end=&#8221;#29c4a9&#8243; background_color_gradient_type=&#8221;linear&#8221; background_color_gradient_direction=&#8221;180deg&#8221; background_color_gradient_direction_radial=&#8221;center&#8221; background_color_gradient_start_position=&#8221;0%&#8221; background_color_gradient_end_position=&#8221;100%&#8221; background_color_gradient_overlays_image=&#8221;off&#8221; background_image=&#8221;https:\/\/www.lizards.ch\/wp-content\/uploads\/2018\/05\/ch-ethanol.jpg&#8221; parallax=&#8221;on&#8221; parallax_method=&#8221;on&#8221; background_size=&#8221;cover&#8221; background_position=&#8221;center&#8221; background_repeat=&#8221;no-repeat&#8221; background_blend=&#8221;normal&#8221; allow_player_pause=&#8221;off&#8221; background_video_pause_outside_viewport=&#8221;on&#8221; use_bg_overlay=&#8221;off&#8221; use_text_overlay=&#8221;off&#8221; text_border_radius=&#8221;3&#8243; alignment=&#8221;center&#8221; child_filter_hue_rotate=&#8221;0deg&#8221; child_filter_saturate=&#8221;100%&#8221; child_filter_brightness=&#8221;100%&#8221; child_filter_contrast=&#8221;100%&#8221; child_filter_invert=&#8221;0%&#8221; child_filter_sepia=&#8221;0%&#8221; child_filter_opacity=&#8221;100%&#8221; child_filter_blur=&#8221;0px&#8221; child_mix_blend_mode=&#8221;normal&#8221; background_layout=&#8221;dark&#8221; text_shadow_style=&#8221;none&#8221; header_text_shadow_style=&#8221;none&#8221; body_text_shadow_style=&#8221;none&#8221; custom_button=&#8221;off&#8221; button_bg_use_color_gradient=&#8221;off&#8221; button_bg_color_gradient_overlays_image=&#8221;off&#8221; button_use_icon=&#8221;on&#8221; button_on_hover=&#8221;on&#8221; button_text_shadow_style=&#8221;none&#8221; box_shadow_style_button=&#8221;none&#8221; text_shadow_horizontal_length=&#8221;0em&#8221; text_shadow_vertical_length=&#8221;0em&#8221; text_shadow_blur_strength=&#8221;0em&#8221; header_text_shadow_horizontal_length=&#8221;0em&#8221; header_text_shadow_vertical_length=&#8221;0em&#8221; header_text_shadow_blur_strength=&#8221;0em&#8221; body_text_shadow_horizontal_length=&#8221;0em&#8221; body_text_shadow_vertical_length=&#8221;0em&#8221; body_text_shadow_blur_strength=&#8221;0em&#8221; button_text_shadow_horizontal_length=&#8221;0em&#8221; button_text_shadow_vertical_length=&#8221;0em&#8221; button_text_shadow_blur_strength=&#8221;0em&#8221; \/][\/et_pb_fullwidth_slider][et_pb_nextend_smart_slider_3_fullwidth _builder_version=&#8221;3.10.1&#8243; slider=&#8221;15&#8243; \/][\/et_pb_section][et_pb_section bb_built=&#8221;1&#8243; prev_background_color=&#8221;#000000&#8243;][et_pb_row][et_pb_column type=&#8221;4_4&#8243;][et_pb_text _builder_version=&#8221;3.3.1&#8243;]<\/p>\n<div class=\"breadcrumb\" itemprop=\"breadcrumb\"><span><span><a href=\"https:\/\/www.lizards.ch\/en\/\">Accueil<\/a><\/span><\/span><\/div>\n<p>[\/et_pb_text][et_pb_text _builder_version=&#8221;3.3.1&#8243;]<\/p>\n<h1>Ethanol Fireplace : our collections<\/h1>\n<p>Ci-dessous acc\u00e9dez aux diff\u00e9rentes collections de chemin\u00e9es \u00e9thanol (bio \u00e9thanol)<\/p>\n<p>[\/et_pb_text][\/et_pb_column][\/et_pb_row][\/et_pb_section]<\/p>\n","protected":false},"excerpt":{"rendered":"<p><div class=\"et_pb_row et_pb_row_0 et_pb_row_empty\">\n\t\t\t\t\n\t\t\t\t\n\t\t\t\t\n\t\t\t\t\n\t\t\t\t\n\t\t\t<\/div> <div class=\"breadcrumb\" itemprop=\"breadcrumb\"><span><span><a href=\"https:\/\/www.lizards.ch\/en\/\">Accueil<\/a><\/span><\/span><\/div> Ethanol Fireplace : our collections Ci-dessous acc\u00e9dez aux diff\u00e9rentes collections de chemin\u00e9es \u00e9thanol (bio \u00e9thanol)<\/p>\n","protected":false},"author":1,"featured_media":0,"parent":0,"menu_order":0,"comment_status":"closed","ping_status":"closed","template":"","meta":{"_et_pb_use_builder":"on","_et_pb_old_content":"","_et_gb_content_width":"","footnotes":""},"wf_page_folders":[],"class_list":["post-205598","page","type-page","status-publish","hentry"],"yoast_head":"<!-- This site is optimized with the Yoast SEO plugin v27.2 - https:\/\/yoast.com\/product\/yoast-seo-wordpress\/ -->\n<title>Products - Lizards<\/title>\n<meta name=\"robots\" content=\"index, follow, max-snippet:-1, max-image-preview:large, max-video-preview:-1\" \/>\n<link rel=\"canonical\" href=\"https:\/\/www.lizards.ch\/en\/products\/\" \/>\n<meta property=\"og:locale\" content=\"en_US\" \/>\n<meta property=\"og:type\" content=\"article\" \/>\n<meta property=\"og:title\" content=\"Products - Lizards\" \/>\n<meta property=\"og:description\" content=\"Ethanol Fireplace : our collections Ci-dessous acc\u00e9dez aux diff\u00e9rentes collections de chemin\u00e9es \u00e9thanol (bio \u00e9thanol)\" \/>\n<meta property=\"og:url\" content=\"https:\/\/www.lizards.ch\/en\/products\/\" \/>\n<meta property=\"og:site_name\" content=\"Lizards\" \/>\n<meta property=\"article:modified_time\" content=\"2018-07-25T09:12:37+00:00\" \/>\n<meta name=\"twitter:card\" content=\"summary_large_image\" \/>\n<meta name=\"twitter:label1\" content=\"Est. reading time\" \/>\n\t<meta name=\"twitter:data1\" content=\"2 minutes\" \/>\n<script type=\"application\/ld+json\" class=\"yoast-schema-graph\">{\"@context\":\"https:\/\/schema.org\",\"@graph\":[{\"@type\":\"WebPage\",\"@id\":\"https:\/\/www.lizards.ch\/en\/products\/\",\"url\":\"https:\/\/www.lizards.ch\/en\/products\/\",\"name\":\"Products - Lizards\",\"isPartOf\":{\"@id\":\"https:\/\/www.lizards.ch\/en\/#website\"},\"datePublished\":\"2018-05-16T18:23:56+00:00\",\"dateModified\":\"2018-07-25T09:12:37+00:00\",\"breadcrumb\":{\"@id\":\"https:\/\/www.lizards.ch\/en\/products\/#breadcrumb\"},\"inLanguage\":\"en-US\",\"potentialAction\":[{\"@type\":\"ReadAction\",\"target\":[\"https:\/\/www.lizards.ch\/en\/products\/\"]}]},{\"@type\":\"BreadcrumbList\",\"@id\":\"https:\/\/www.lizards.ch\/en\/products\/#breadcrumb\",\"itemListElement\":[{\"@type\":\"ListItem\",\"position\":1,\"name\":\"Accueil\",\"item\":\"https:\/\/www.lizards.ch\/en\/\"},{\"@type\":\"ListItem\",\"position\":2,\"name\":\"Products\"}]},{\"@type\":\"WebSite\",\"@id\":\"https:\/\/www.lizards.ch\/en\/#website\",\"url\":\"https:\/\/www.lizards.ch\/en\/\",\"name\":\"Lizards\",\"description\":\"Chemin\u00e9e bio ethanol\",\"potentialAction\":[{\"@type\":\"SearchAction\",\"target\":{\"@type\":\"EntryPoint\",\"urlTemplate\":\"https:\/\/www.lizards.ch\/en\/?s={search_term_string}\"},\"query-input\":{\"@type\":\"PropertyValueSpecification\",\"valueRequired\":true,\"valueName\":\"search_term_string\"}}],\"inLanguage\":\"en-US\"}]}<\/script>\n<!-- \/ Yoast SEO plugin. -->","yoast_head_json":{"title":"Products - Lizards","robots":{"index":"index","follow":"follow","max-snippet":"max-snippet:-1","max-image-preview":"max-image-preview:large","max-video-preview":"max-video-preview:-1"},"canonical":"https:\/\/www.lizards.ch\/en\/products\/","og_locale":"en_US","og_type":"article","og_title":"Products - Lizards","og_description":"Ethanol Fireplace : our collections Ci-dessous acc\u00e9dez aux diff\u00e9rentes collections de chemin\u00e9es \u00e9thanol (bio \u00e9thanol)","og_url":"https:\/\/www.lizards.ch\/en\/products\/","og_site_name":"Lizards","article_modified_time":"2018-07-25T09:12:37+00:00","twitter_card":"summary_large_image","twitter_misc":{"Est. reading time":"2 minutes"},"schema":{"@context":"https:\/\/schema.org","@graph":[{"@type":"WebPage","@id":"https:\/\/www.lizards.ch\/en\/products\/","url":"https:\/\/www.lizards.ch\/en\/products\/","name":"Products - Lizards","isPartOf":{"@id":"https:\/\/www.lizards.ch\/en\/#website"},"datePublished":"2018-05-16T18:23:56+00:00","dateModified":"2018-07-25T09:12:37+00:00","breadcrumb":{"@id":"https:\/\/www.lizards.ch\/en\/products\/#breadcrumb"},"inLanguage":"en-US","potentialAction":[{"@type":"ReadAction","target":["https:\/\/www.lizards.ch\/en\/products\/"]}]},{"@type":"BreadcrumbList","@id":"https:\/\/www.lizards.ch\/en\/products\/#breadcrumb","itemListElement":[{"@type":"ListItem","position":1,"name":"Accueil","item":"https:\/\/www.lizards.ch\/en\/"},{"@type":"ListItem","position":2,"name":"Products"}]},{"@type":"WebSite","@id":"https:\/\/www.lizards.ch\/en\/#website","url":"https:\/\/www.lizards.ch\/en\/","name":"Lizards","description":"Chemin\u00e9e bio ethanol","potentialAction":[{"@type":"SearchAction","target":{"@type":"EntryPoint","urlTemplate":"https:\/\/www.lizards.ch\/en\/?s={search_term_string}"},"query-input":{"@type":"PropertyValueSpecification","valueRequired":true,"valueName":"search_term_string"}}],"inLanguage":"en-US"}]}},"_links":{"self":[{"href":"https:\/\/www.lizards.ch\/en\/wp-json\/wp\/v2\/pages\/205598","targetHints":{"allow":["GET"]}}],"collection":[{"href":"https:\/\/www.lizards.ch\/en\/wp-json\/wp\/v2\/pages"}],"about":[{"href":"https:\/\/www.lizards.ch\/en\/wp-json\/wp\/v2\/types\/page"}],"author":[{"embeddable":true,"href":"https:\/\/www.lizards.ch\/en\/wp-json\/wp\/v2\/users\/1"}],"replies":[{"embeddable":true,"href":"https:\/\/www.lizards.ch\/en\/wp-json\/wp\/v2\/comments?post=205598"}],"version-history":[{"count":0,"href":"https:\/\/www.lizards.ch\/en\/wp-json\/wp\/v2\/pages\/205598\/revisions"}],"wp:attachment":[{"href":"https:\/\/www.lizards.ch\/en\/wp-json\/wp\/v2\/media?parent=205598"}],"wp:term":[{"taxonomy":"wf_page_folders","embeddable":true,"href":"https:\/\/www.lizards.ch\/en\/wp-json\/wp\/v2\/wf_page_folders?post=205598"}],"curies":[{"name":"wp","href":"https:\/\/api.w.org\/{rel}","templated":true}]}}